{"id":7667,"date":"2023-01-27T15:49:26","date_gmt":"2023-01-27T14:49:26","guid":{"rendered":"https:\/\/www.guide-venice.it\/fr\/?page_id=7667"},"modified":"2023-01-31T16:11:06","modified_gmt":"2023-01-31T15:11:06","slug":"projects-visites-guidees-venise","status":"publish","type":"page","link":"https:\/\/www.guide-venice.it\/fr\/projects-visites-guidees-venise\/","title":{"rendered":"Visites guid\u00e9es et exp\u00e9riences uniques \u00e0 Venise"},"content":{"rendered":"\n<h1 class=\"has-text-align-center wp-block-heading\">Visites guid\u00e9es et exp\u00e9riences uniques \u00e0 Venise<\/h1>\n\n\n\n<p class=\"has-text-align-center has-text-color\" style=\"color:#877720\">Trouvez le tour pour vous!<\/p>\n","protected":false},"excerpt":{"rendered":"<p>Visites guid\u00e9es et exp\u00e9riences uniques \u00e0 Venise Trouvez le tour pour vous!<\/p>\n","protected":false},"author":3,"featured_media":0,"parent":0,"menu_order":0,"comment_status":"closed","ping_status":"closed","template":"pagina-tours-listati.php","meta":{"footnotes":""},"class_list":["post-7667","page","type-page","status-publish","hentry","no-thumb"],"yoast_head":"<!-- This site is optimized with the Yoast SEO plugin v24.9 - https:\/\/yoast.com\/wordpress\/plugins\/seo\/ -->\n<title>Visites guid\u00e9es et exp\u00e9riences uniques \u00e0 Venise - Guide Venice - Fra<\/title>\n<meta name=\"robots\" content=\"index, follow, max-snippet:-1, max-image-preview:large, max-video-preview:-1\" \/>\n<link rel=\"canonical\" href=\"https:\/\/www.guide-venice.it\/fr\/projects-visites-guidees-venise\/\" \/>\n<meta name=\"twitter:card\" content=\"summary_large_image\" \/>\n<meta name=\"twitter:title\" content=\"Visites guid\u00e9es et exp\u00e9riences uniques \u00e0 Venise - Guide Venice - Fra\" \/>\n<meta name=\"twitter:description\" content=\"Visites guid\u00e9es et exp\u00e9riences uniques \u00e0 Venise Trouvez le tour pour vous!\" \/>\n<meta name=\"twitter:label1\" content=\"Dur\u00e9e de lecture estim\u00e9e\" \/>\n\t<meta name=\"twitter:data1\" content=\"1 minute\" \/>\n<script type=\"application\/ld+json\" class=\"yoast-schema-graph\">{\"@context\":\"https:\/\/schema.org\",\"@graph\":[{\"@type\":\"WebPage\",\"@id\":\"https:\/\/www.guide-venice.it\/fr\/projects-visites-guidees-venise\/\",\"url\":\"https:\/\/www.guide-venice.it\/fr\/projects-visites-guidees-venise\/\",\"name\":\"Visites guid\u00e9es et exp\u00e9riences uniques \u00e0 Venise - Guide Venice - Fra\",\"isPartOf\":{\"@id\":\"https:\/\/www.guide-venice.it\/fr\/#website\"},\"datePublished\":\"2023-01-27T14:49:26+00:00\",\"dateModified\":\"2023-01-31T15:11:06+00:00\",\"breadcrumb\":{\"@id\":\"https:\/\/www.guide-venice.it\/fr\/projects-visites-guidees-venise\/#breadcrumb\"},\"inLanguage\":\"fr-FR\",\"potentialAction\":[{\"@type\":\"ReadAction\",\"target\":[\"https:\/\/www.guide-venice.it\/fr\/projects-visites-guidees-venise\/\"]}]},{\"@type\":\"BreadcrumbList\",\"@id\":\"https:\/\/www.guide-venice.it\/fr\/projects-visites-guidees-venise\/#breadcrumb\",\"itemListElement\":[{\"@type\":\"ListItem\",\"position\":1,\"name\":\"Home\",\"item\":\"https:\/\/www.guide-venice.it\/fr\/\"},{\"@type\":\"ListItem\",\"position\":2,\"name\":\"Visites guid\u00e9es et exp\u00e9riences uniques \u00e0 Venise\"}]},{\"@type\":\"WebSite\",\"@id\":\"https:\/\/www.guide-venice.it\/fr\/#website\",\"url\":\"https:\/\/www.guide-venice.it\/fr\/\",\"name\":\"Guide Venice - Fra\",\"description\":\"\",\"potentialAction\":[{\"@type\":\"SearchAction\",\"target\":{\"@type\":\"EntryPoint\",\"urlTemplate\":\"https:\/\/www.guide-venice.it\/fr\/?s={search_term_string}\"},\"query-input\":{\"@type\":\"PropertyValueSpecification\",\"valueRequired\":true,\"valueName\":\"search_term_string\"}}],\"inLanguage\":\"fr-FR\"}]}<\/script>\n<!-- \/ Yoast SEO plugin. -->","yoast_head_json":{"title":"Visites guid\u00e9es et exp\u00e9riences uniques \u00e0 Venise - Guide Venice - Fra","robots":{"index":"index","follow":"follow","max-snippet":"max-snippet:-1","max-image-preview":"max-image-preview:large","max-video-preview":"max-video-preview:-1"},"canonical":"https:\/\/www.guide-venice.it\/fr\/projects-visites-guidees-venise\/","twitter_card":"summary_large_image","twitter_title":"Visites guid\u00e9es et exp\u00e9riences uniques \u00e0 Venise - Guide Venice - Fra","twitter_description":"Visites guid\u00e9es et exp\u00e9riences uniques \u00e0 Venise Trouvez le tour pour vous!","twitter_misc":{"Dur\u00e9e de lecture estim\u00e9e":"1 minute"},"schema":{"@context":"https:\/\/schema.org","@graph":[{"@type":"WebPage","@id":"https:\/\/www.guide-venice.it\/fr\/projects-visites-guidees-venise\/","url":"https:\/\/www.guide-venice.it\/fr\/projects-visites-guidees-venise\/","name":"Visites guid\u00e9es et exp\u00e9riences uniques \u00e0 Venise - Guide Venice - Fra","isPartOf":{"@id":"https:\/\/www.guide-venice.it\/fr\/#website"},"datePublished":"2023-01-27T14:49:26+00:00","dateModified":"2023-01-31T15:11:06+00:00","breadcrumb":{"@id":"https:\/\/www.guide-venice.it\/fr\/projects-visites-guidees-venise\/#breadcrumb"},"inLanguage":"fr-FR","potentialAction":[{"@type":"ReadAction","target":["https:\/\/www.guide-venice.it\/fr\/projects-visites-guidees-venise\/"]}]},{"@type":"BreadcrumbList","@id":"https:\/\/www.guide-venice.it\/fr\/projects-visites-guidees-venise\/#breadcrumb","itemListElement":[{"@type":"ListItem","position":1,"name":"Home","item":"https:\/\/www.guide-venice.it\/fr\/"},{"@type":"ListItem","position":2,"name":"Visites guid\u00e9es et exp\u00e9riences uniques \u00e0 Venise"}]},{"@type":"WebSite","@id":"https:\/\/www.guide-venice.it\/fr\/#website","url":"https:\/\/www.guide-venice.it\/fr\/","name":"Guide Venice - Fra","description":"","potentialAction":[{"@type":"SearchAction","target":{"@type":"EntryPoint","urlTemplate":"https:\/\/www.guide-venice.it\/fr\/?s={search_term_string}"},"query-input":{"@type":"PropertyValueSpecification","valueRequired":true,"valueName":"search_term_string"}}],"inLanguage":"fr-FR"}]}},"_links":{"self":[{"href":"https:\/\/www.guide-venice.it\/fr\/wp-json\/wp\/v2\/pages\/7667","targetHints":{"allow":["GET"]}}],"collection":[{"href":"https:\/\/www.guide-venice.it\/fr\/wp-json\/wp\/v2\/pages"}],"about":[{"href":"https:\/\/www.guide-venice.it\/fr\/wp-json\/wp\/v2\/types\/page"}],"author":[{"embeddable":true,"href":"https:\/\/www.guide-venice.it\/fr\/wp-json\/wp\/v2\/users\/3"}],"replies":[{"embeddable":true,"href":"https:\/\/www.guide-venice.it\/fr\/wp-json\/wp\/v2\/comments?post=7667"}],"version-history":[{"count":4,"href":"https:\/\/www.guide-venice.it\/fr\/wp-json\/wp\/v2\/pages\/7667\/revisions"}],"predecessor-version":[{"id":7715,"href":"https:\/\/www.guide-venice.it\/fr\/wp-json\/wp\/v2\/pages\/7667\/revisions\/7715"}],"wp:attachment":[{"href":"https:\/\/www.guide-venice.it\/fr\/wp-json\/wp\/v2\/media?parent=7667"}],"curies":[{"name":"wp","href":"https:\/\/api.w.org\/{rel}","templated":true}]}}